{"id":2,"date":"2023-11-23T22:23:06","date_gmt":"2023-11-23T22:23:06","guid":{"rendered":"http:\/\/xroads.pl\/?page_id=2"},"modified":"2024-04-15T22:39:03","modified_gmt":"2024-04-15T22:39:03","slug":"sample-page","status":"publish","type":"page","link":"https:\/\/xroads.pl\/?page_id=2","title":{"rendered":"O Presell Pages"},"content":{"rendered":"\n<p>Ta witryna jest po\u015bwi\u0119cona stronom promuj\u0105cym e-commerce w Internecie (tak zwane precle) i jest cz\u0119\u015bci\u0105 wi\u0119kszego zestawu opartego o katalog WWW i sieci spo\u0142eczno\u015bciowe.<\/p>\n\n\n\n<blockquote class=\"wp-block-quote is-layout-flow wp-block-quote-is-layout-flow\">\n<p>\u201eLudzie genialni s\u0105 jak meteory. Ich przeznaczeniem jest by, spalaj\u0105c si\u0119, przydali blasku epoce, w kt\u00f3rej \u017cyj\u0105.\u201d <\/p>\n\n\n\n<p>Napoleon Bonaparte<\/p>\n<cite>\u0179r\u00f3d\u0142o: https:\/\/quotepark.com\/pl\/autorzy\/napoleon-bonaparte\/?page=3<\/cite><\/blockquote>\n\n\n\n<p>Je\u017celi jeste\u015b zainteresowany umieszczeniem wpisu i og\u00f3lnie promocj\u0105 w Internecie <a href=\"https:\/\/allegrolokalnie.pl\/oferta\/presell-page-artykul-promocyjny-seo-grafika\" data-type=\"link\" data-id=\"https:\/\/allegrolokalnie.pl\/oferta\/presell-page-artykul-promocyjny-seo-grafika\" target=\"_blank\" rel=\"noreferrer noopener\">wejd\u017a tutaj<\/a>.<\/p>\n","protected":false},"excerpt":{"rendered":"<p>Ta witryna jest po\u015bwi\u0119cona stronom promuj\u0105cym e-commerce w Internecie (tak zwane precle) i jest cz\u0119\u015bci\u0105 wi\u0119kszego zestawu opartego o katalog WWW i sieci spo\u0142eczno\u015bciowe. \u201eLudzie genialni s\u0105 jak meteory. Ich przeznaczeniem jest by, spalaj\u0105c si\u0119, przydali blasku epoce, w kt\u00f3rej \u017cyj\u0105.\u201d Napoleon Bonaparte \u0179r\u00f3d\u0142o: https:\/\/quotepark.com\/pl\/autorzy\/napoleon-bonaparte\/?page=3 Je\u017celi jeste\u015b zainteresowany umieszczeniem wpisu i og\u00f3lnie promocj\u0105 w Internecie [&hellip;]<\/p>\n","protected":false},"author":1,"featured_media":49,"parent":0,"menu_order":0,"comment_status":"closed","ping_status":"open","template":"","meta":{"footnotes":""},"class_list":["post-2","page","type-page","status-publish","has-post-thumbnail","hentry"],"_links":{"self":[{"href":"https:\/\/xroads.pl\/index.php?rest_route=\/wp\/v2\/pages\/2","targetHints":{"allow":["GET"]}}],"collection":[{"href":"https:\/\/xroads.pl\/index.php?rest_route=\/wp\/v2\/pages"}],"about":[{"href":"https:\/\/xroads.pl\/index.php?rest_route=\/wp\/v2\/types\/page"}],"author":[{"embeddable":true,"href":"https:\/\/xroads.pl\/index.php?rest_route=\/wp\/v2\/users\/1"}],"replies":[{"embeddable":true,"href":"https:\/\/xroads.pl\/index.php?rest_route=%2Fwp%2Fv2%2Fcomments&post=2"}],"version-history":[{"count":3,"href":"https:\/\/xroads.pl\/index.php?rest_route=\/wp\/v2\/pages\/2\/revisions"}],"predecessor-version":[{"id":58,"href":"https:\/\/xroads.pl\/index.php?rest_route=\/wp\/v2\/pages\/2\/revisions\/58"}],"wp:featuredmedia":[{"embeddable":true,"href":"https:\/\/xroads.pl\/index.php?rest_route=\/wp\/v2\/media\/49"}],"wp:attachment":[{"href":"https:\/\/xroads.pl\/index.php?rest_route=%2Fwp%2Fv2%2Fmedia&parent=2"}],"curies":[{"name":"wp","href":"https:\/\/api.w.org\/{rel}","templated":true}]}}